{"id":4106,"date":"2023-12-15T15:22:50","date_gmt":"2023-12-15T13:22:50","guid":{"rendered":"https:\/\/ratp-soclecommun.nexton-customers.com\/?page_id=4106"},"modified":"2025-05-19T11:21:25","modified_gmt":"2025-05-19T09:21:25","slug":"devenir-conducteur-de-bus","status":"publish","type":"page","link":"https:\/\/ratp-soclecommun.nexton-customers.com\/en\/rejoignez-nous\/devenir-conducteur-de-bus\/","title":{"rendered":"Devenir conducteur de bus"},"content":{"rendered":"<div class=\"gb-container gb-container-ef00cfa2\">\n\n<h1 class=\"wp-block-heading has-bleu-institutionnel-color has-text-color has-link-color page-title__heading\">Devenir conducteur<\/br>de bus<\/h1>\n\n<\/div>\n\n<div class=\"breadcrumbs align  wp-block-bcn-breadcrumb-trail has-text-color has-background\" vocab=\"https:\/\/schema.org\/\" typeof=\"BreadcrumbList\">\n\t<span><\/span>\n\t<span property=\"itemListElement\" typeof=\"ListItem\"><a property=\"item\" typeof=\"WebPage\" href=\"https:\/\/ratp-soclecommun.nexton-customers.com\/en\/\" class=\"home\" aria-current=\"page\"><span property=\"name\">Accueil<\/span><\/a><meta property=\"position\" content=\"1\"><\/span><\/div>\n\n\n<div class=\"gb-container gb-container-5fbcb1e7 bandeau-intro\">\n<div class=\"gb-container gb-container-f3dd4158 bandeau-intro__inside\">\n\n<h2 class=\"wp-block-heading mb-0 lh-specialtitle-28\"><strong>Conducteur de bus, un m\u00e9tier \u00e0 forte valeur ajout\u00e9e<\/strong><\/h2>\n\n\n<div class=\"gb-container gb-container-2234560f bandeau-intro__inside-content\">\n\n<p class=\"mb-0\">Le chauffeur de bus a pour mission de transporter les passagers en leur assurant confort et s\u00e9curit\u00e9. Il les accueille et les renseigne tout au long de leur trajet. Pleinement int\u00e9gr\u00e9 \u00e0 la vie quotidienne des voyageurs, il exerce un m\u00e9tier \u00e0 <strong>forte valeur ajout\u00e9e<\/strong><br>Il intervient dans de nombreux contextes, ce qui permet de diversifier son quotidien.<br>Ainsi, il peut&nbsp;:<\/p>\n\n\n\n<ul class=\"wp-block-list\">\n<li>Assurer des lignes r\u00e9guli\u00e8res de transports en commun<\/li>\n\n\n\n<li>Conduire sur des lignes r\u00e9gionales, nationales ou m\u00eame internationales<\/li>\n\n\n\n<li>Effectuer un transport scolaire et p\u00e9riscolaire,<\/li>\n\n\n\n<li>Effectuer un transport de personnel,<\/li>\n\n\n\n<li>Conduire des navettes urbaines,<\/li>\n\n\n\n<li>Conduire des cars touristiques\u2026<\/li>\n<\/ul>\n\n<\/div>\n<\/div>\n<\/div>\n\n<div class=\"gb-container gb-container-6e1e4563 block-text-right bloc-extra-padding-left\">\n<div class=\"gb-container gb-container-04efaf2b block-text-right__container bg-base-3\">\n<div class=\"gb-container gb-container-6fe7db84 block-text-right__content\">\n<div class=\"gb-container gb-container-acc935a2 block-text-right__section\">\n\n<h2 class=\"wp-block-heading block-text-right__title\"><strong><strong>Quelle formation pour devenir conducteur de bus&nbsp;?<\/strong><\/strong><\/h2>\n\n\n<div class=\"gb-container gb-container-5c5039c7 block-text-right__subsection\">\n\n<p class=\"block-text-right__description\">Pour devenir conducteur de bus, les conditions suivantes sont n\u00e9cessaires&nbsp;:<\/p>\n\n\n\n<ul class=\"wp-block-list block__list arrow-icon--list\">\n<li class=\"block__list-item arrow-icon--primary\">\u00catre \u00e2g\u00e9 de <strong>18 ans<\/strong> ou plus,<\/li>\n\n\n\n<li class=\"block__list-item arrow-icon--primary\">Avoir le <strong>permis B<\/strong> et id\u00e9alement le permis D (sinon, pas de panique, nous proposons des formations),<\/li>\n\n\n\n<li class=\"block__list-item arrow-icon--primary\">Pr\u00e9senter un <strong>extrait de casier judiciaire n\u00b03<\/strong> sans aucune mention contradictoire,<\/li>\n\n\n\n<li class=\"block__list-item arrow-icon--primary\">Avoir une Formation Initiale Minimale Obligatoire (<strong>FIMO<\/strong>).<\/li>\n<\/ul>\n\n\n<div class=\"gb-container gb-container-db55d8dd block__list color-bleu-institutionnel\">\n\n<p class=\"block-text-right__description\">Certaines qualit\u00e9s sont particuli\u00e8rement appr\u00e9ci\u00e9es. Pour nous, vous \u00eates le candidat id\u00e9al si&nbsp;:<\/p>\n\n\n\n<ul class=\"wp-block-list block__list arrow-icon--list\">\n<li class=\"block__list-item arrow-icon--primary\">Vous aimez conduire,&nbsp;<\/li>\n\n\n\n<li class=\"block__list-item arrow-icon--primary\">Vous avez une conduite s\u00fbre, souple et confortable,<\/li>\n\n\n\n<li class=\"block__list-item arrow-icon--primary\">Vous \u00eates autonome et ponctuel,<\/li>\n\n\n\n<li class=\"block__list-item arrow-icon--primary\">Vous appr\u00e9ciez le contact avec le public et vous avez le sens du service client,<\/li>\n\n\n\n<li class=\"block__list-item arrow-icon--primary\">Vous \u00eates rigoureux et vigilant&nbsp;: en tant que professionnel de la route, vous serez responsable de la s\u00e9curit\u00e9 de vos passagers,<\/li>\n\n\n\n<li class=\"block__list-item arrow-icon--primary\">Vous avez une bonne capacit\u00e9 d\u2019attention et de bons r\u00e9flexes, ce qui vous sera tr\u00e8s utile si vous effectuez de longs trajets.<\/li>\n<\/ul>\n\n\n<div class=\"gb-container gb-container-44faac58\">\n\n<a class=\"gb-button gb-button-4351b231 gb-button-text\" href=\"https:\/\/ratp-soclecommun.nexton-customers.com\/en\/contactez-nous\/\"><strong>Ce portrait vous ressemble&nbsp;? Faisons connaissance<\/strong><\/a>\n\n<\/div>\n\n\n<p class=\"block-text-right__description\">Certains handicaps li\u00e9s \u00e0 la vue ou \u00e0 l&rsquo;audition ne sont malheureusement pas compatibles avec l\u2019emploi de conducteur de bus. C\u2019est pourquoi les chauffeurs passent r\u00e9guli\u00e8rement des examens m\u00e9dicaux de contr\u00f4le.<\/p>\n\n<\/div>\n<\/div>\n<\/div>\n<\/div>\n<\/div>\n<\/div>\n\n<div class=\"gb-container gb-container-fdc51237 block-img\">\n<div class=\"gb-container gb-container-b457811b block-img__container\">\n<div class=\"gb-container gb-container-2ebdd4e7 block-img__figure\">\n\n<figure class=\"gb-block-image gb-block-image-41e90ddd\"><img loading=\"lazy\" decoding=\"async\" width=\"1500\" height=\"1103\" class=\"gb-image gb-image-41e90ddd block-img__image-wrapper box-shadow--rounded--terciary-015\" src=\"https:\/\/ratp-soclecommun.nexton-customers.com\/wp-content\/uploads\/2025\/05\/img.jpg\" alt=\"\" title=\"img\" srcset=\"https:\/\/ratp-soclecommun.nexton-customers.com\/wp-content\/uploads\/2025\/05\/img.jpg 1500w, https:\/\/ratp-soclecommun.nexton-customers.com\/wp-content\/uploads\/2025\/05\/img-300x221.jpg 300w, https:\/\/ratp-soclecommun.nexton-customers.com\/wp-content\/uploads\/2025\/05\/img-1024x753.jpg 1024w, https:\/\/ratp-soclecommun.nexton-customers.com\/wp-content\/uploads\/2025\/05\/img-768x565.jpg 768w, https:\/\/ratp-soclecommun.nexton-customers.com\/wp-content\/uploads\/2025\/05\/img-16x12.jpg 16w\" sizes=\"auto, (max-width: 1500px) 100vw, 1500px\" \/>\n<figcaption class=\"gb-headline gb-headline-0b7ef275 gb-headline-text block-img__caption\"><em>Conducteur de bus. Photo: Zo\u00e9 Kramer<\/em><\/figcaption>\n<\/figure>\n\n<\/div>\n<\/div>\n<\/div>\n\n<div class=\"gb-container gb-container-e4a2b133 block-text-left border-line-full-page--left--primary\">\n<div class=\"gb-container gb-container-df549bc7 block-text-left__container bg-base-3\">\n<div class=\"gb-container gb-container-5ce0915a block-text-left__content\">\n<div class=\"gb-container gb-container-a5aacdd1 block-text-left__section\">\n\n<h2 class=\"wp-block-heading block-text-left__title\"><strong>Le m\u00e9tier de conducteur de bus au quotidien<\/strong><\/h2>\n\n\n<div class=\"gb-container gb-container-e1261da5 block-text-left__subsection\">\n\n<p class=\"block__list-description\">Sa <strong>mission principale est de garantir la<\/strong> <strong>s\u00e9curit\u00e9<\/strong> des voyageurs et de respecter le code de la route. Autre point important : il doit g\u00e9rer la circulation en milieu interurbain.<br><br>La <strong>relation humaine<\/strong> est au c\u0153ur de son m\u00e9tier. Il doit cultiver un service client de qualit\u00e9, renseigner les voyageurs sur l\u2019itin\u00e9raire et les tarifs, leur vendre les titres de transport ad\u00e9quats. Il assure \u00e9galement le contr\u00f4le visuel des titres de transport et la continuit\u00e9 de service.<br><br>L\u2019aspect <strong>technique<\/strong> est aussi pr\u00e9sent. Le conducteur identifie, signale et reporte les incidents m\u00e9caniques. Enfin, il prend soin des mat\u00e9riels qui lui sont confi\u00e9s.<br><br>Les horaires de travail varient selon les filiales. Le conducteur travaille le matin, l\u2019apr\u00e8s-midi, ou bien de mani\u00e8re mixte. Il peut exercer son activit\u00e9 en soir\u00e9e ou ponctuellement le week-end.<\/p>\n\n<\/div>\n<\/div>\n<\/div>\n<\/div>\n<\/div>\n\n<div class=\"gb-container gb-container-e927de93 block-text-right bloc-extra-padding-left\">\n<div class=\"gb-container gb-container-24192bb6 block-text-right__container bg-base-3\">\n<div class=\"gb-container gb-container-2b8b6686 block-text-right__content\">\n<div class=\"gb-container gb-container-5bf5a953 block-text-right__section\">\n\n<h2 class=\"wp-block-heading block-text-right__title\"><strong>Les avantages \u00e0 exercer le m\u00e9tier de conducteur de bus chez RATP Cap \u00cele-de-France<\/strong><\/h2>\n\n\n\n<p class=\"block-text-right__description\"><br>Chez RATP Cap \u00cele-de-France, nos priorit\u00e9s sont le <strong>d\u00e9veloppement<\/strong> et l&rsquo;<strong>\u00e9panouissement<\/strong> de nos collaborateurs. Gr\u00e2ce \u00e0 la promotion interne et \u00e0 la formation, nous accompagnons nos \u00e9quipes pour leur offrir un avenir professionnel enrichissant.<\/p>\n\n\n\n<p class=\"block-text-right__description\"><br>Nous proposons&nbsp;\u00e0 nos conducteurs de bus :<\/p>\n\n\n\n<ul class=\"wp-block-list block__list arrow-icon--list\">\n<li class=\"block__list-item arrow-icon--primary\">Un CDI,&nbsp;<\/li>\n\n\n\n<li class=\"block__list-item arrow-icon--primary\">Des formations,&nbsp;<\/li>\n\n\n\n<li class=\"block__list-item arrow-icon--primary\">Des \u00e9volutions de carri\u00e8re,<\/li>\n\n\n\n<li class=\"block__list-item arrow-icon--primary\">Un environnement respectueux, collaboratif et ouvert,<\/li>\n\n\n\n<li class=\"block__list-item arrow-icon--primary\">Des primes pour les soirs et dimanches travaill\u00e9s.<\/li>\n<\/ul>\n\n\n\n<p class=\"block-text-right__description\">Le m\u00e9tier de conducteur de bus vous int\u00e9resse ? Contactez-nous<\/p>\n\n\n\n<p class=\"block-text-right__description\">D\u00e9couvrez le t\u00e9moignage de Karine, conductrice de bus \u00e0 Mantes-La-Jolie&nbsp;:<\/p>\n\n\n\n<p class=\"block-text-right__description\"><em>\u00ab Apr\u00e8s 13 ans de travail dans la conception de saxophone, j\u2019ai souhait\u00e9 me tourner vers des m\u00e9tiers \u00e0 fort relationnel, au contact des gens. Cette reconversion professionnelle m\u2019a permis de cr\u00e9er du lien avec des voyageurs que je croise parfois tous les jours. \u00bb<\/em><\/p>\n\n\n\n<p class=\"block-text-right__description\">RATP Cap \u00cele-de-France recrute&nbsp;! D\u00e9couvrez toutes nos offres d&#8217;emploi de conducteur de bus<\/p>\n\n<\/div>\n<\/div>\n<\/div>\n<\/div>\n\n<div class=\"gb-container gb-container-fb616409 illu-background-container\">\n<div class=\"gb-container gb-container-cd49f242 illu-background-topcover\"><\/div>\n\n\n<figure class=\"wp-block-image size-full illustration-background-circle-left\"><img decoding=\"async\" src=\"https:\/\/ratp-soclecommun.nexton-customers.com\/wp-content\/uploads\/2025\/05\/ratp-shape-3.svg\" alt=\"\" class=\"wp-image-7416\"\/><\/figure>\n\n\n\n<figure class=\"wp-block-image size-full illustration-background-circle-left--opposite\"><img decoding=\"async\" src=\"https:\/\/ratp-soclecommun.nexton-customers.com\/wp-content\/uploads\/2025\/05\/ratp-shape-5.svg\" alt=\"\" class=\"wp-image-7418\"\/><\/figure>\n\n<\/div>","protected":false},"excerpt":{"rendered":"<p>Devenir conducteurde bus Conducteur de bus, un m\u00e9tier \u00e0 forte valeur ajout\u00e9e Le chauffeur de bus a pour mission de transporter les passagers en leur assurant confort et s\u00e9curit\u00e9. Il les accueille et les renseigne tout au long de leur trajet. Pleinement int\u00e9gr\u00e9 \u00e0 la vie quotidienne des voyageurs, il exerce un m\u00e9tier \u00e0 forte &#8230; <a title=\"Devenir conducteur de bus\" class=\"read-more\" href=\"https:\/\/ratp-soclecommun.nexton-customers.com\/en\/rejoignez-nous\/devenir-conducteur-de-bus\/\" aria-label=\"Read more about Devenir conducteur de bus\">Read more<\/a><\/p>","protected":false},"author":11,"featured_media":0,"parent":3848,"menu_order":0,"comment_status":"closed","ping_status":"closed","template":"","meta":{"footnotes":""},"class_list":["post-4106","page","type-page","status-publish"],"yoast_head":"<!-- This site is optimized with the Yoast SEO plugin v27.5 - https:\/\/yoast.com\/product\/yoast-seo-wordpress\/ -->\n<title>Conducteur \/ conductrice de bus : fiche m\u00e9tier - RATP Cap \u00cele-de-France<\/title>\n<meta name=\"description\" content=\"Missions, quotidien, formation : d\u00e9couvrez toutes les facettes du m\u00e9tier de conducteur de bus, une profession \u00e0 forte valeur ajout\u00e9e\" \/>\n<meta name=\"robots\" content=\"noindex, follow, max-snippet:-1, max-image-preview:large, max-video-preview:-1\" \/>\n<meta property=\"og:locale\" content=\"en_GB\" \/>\n<meta property=\"og:type\" content=\"article\" \/>\n<meta property=\"og:title\" content=\"Conducteur \/ conductrice de bus : fiche m\u00e9tier - RATP Cap \u00cele-de-France\" \/>\n<meta property=\"og:description\" content=\"Missions, quotidien, formation : d\u00e9couvrez toutes les facettes du m\u00e9tier de conducteur de bus, une profession \u00e0 forte valeur ajout\u00e9e\" \/>\n<meta property=\"og:url\" content=\"https:\/\/ratp-soclecommun.nexton-customers.com\/en\/rejoignez-nous\/devenir-conducteur-de-bus\/\" \/>\n<meta property=\"og:site_name\" content=\"Socle RATP\" \/>\n<meta property=\"article:modified_time\" content=\"2025-05-19T09:21:25+00:00\" \/>\n<meta property=\"og:image\" content=\"https:\/\/ratp-soclecommun.nexton-customers.com\/wp-content\/uploads\/2025\/05\/img.jpg\" \/>\n<meta name=\"twitter:card\" content=\"summary_large_image\" \/>\n<meta name=\"twitter:label1\" content=\"Estimated reading time\" \/>\n\t<meta name=\"twitter:data1\" content=\"4 minutes\" \/>\n<script type=\"application\/ld+json\" class=\"yoast-schema-graph\">{\"@context\":\"https:\\\/\\\/schema.org\",\"@graph\":[{\"@type\":\"WebPage\",\"@id\":\"https:\\\/\\\/ratp-soclecommun.nexton-customers.com\\\/rejoignez-nous\\\/devenir-conducteur-de-bus\\\/\",\"url\":\"https:\\\/\\\/ratp-soclecommun.nexton-customers.com\\\/rejoignez-nous\\\/devenir-conducteur-de-bus\\\/\",\"name\":\"Conducteur \\\/ conductrice de bus : fiche m\u00e9tier - RATP Cap \u00cele-de-France\",\"isPartOf\":{\"@id\":\"https:\\\/\\\/ratp-soclecommun.nexton-customers.com\\\/#website\"},\"primaryImageOfPage\":{\"@id\":\"https:\\\/\\\/ratp-soclecommun.nexton-customers.com\\\/rejoignez-nous\\\/devenir-conducteur-de-bus\\\/#primaryimage\"},\"image\":{\"@id\":\"https:\\\/\\\/ratp-soclecommun.nexton-customers.com\\\/rejoignez-nous\\\/devenir-conducteur-de-bus\\\/#primaryimage\"},\"thumbnailUrl\":\"https:\\\/\\\/ratp-soclecommun.nexton-customers.com\\\/wp-content\\\/uploads\\\/2025\\\/05\\\/img.jpg\",\"datePublished\":\"2023-12-15T13:22:50+00:00\",\"dateModified\":\"2025-05-19T09:21:25+00:00\",\"description\":\"Missions, quotidien, formation : d\u00e9couvrez toutes les facettes du m\u00e9tier de conducteur de bus, une profession \u00e0 forte valeur ajout\u00e9e\",\"breadcrumb\":{\"@id\":\"https:\\\/\\\/ratp-soclecommun.nexton-customers.com\\\/rejoignez-nous\\\/devenir-conducteur-de-bus\\\/#breadcrumb\"},\"inLanguage\":\"en-GB\",\"potentialAction\":[{\"@type\":\"ReadAction\",\"target\":[\"https:\\\/\\\/ratp-soclecommun.nexton-customers.com\\\/rejoignez-nous\\\/devenir-conducteur-de-bus\\\/\"]}]},{\"@type\":\"ImageObject\",\"inLanguage\":\"en-GB\",\"@id\":\"https:\\\/\\\/ratp-soclecommun.nexton-customers.com\\\/rejoignez-nous\\\/devenir-conducteur-de-bus\\\/#primaryimage\",\"url\":\"https:\\\/\\\/ratp-soclecommun.nexton-customers.com\\\/wp-content\\\/uploads\\\/2025\\\/05\\\/img.jpg\",\"contentUrl\":\"https:\\\/\\\/ratp-soclecommun.nexton-customers.com\\\/wp-content\\\/uploads\\\/2025\\\/05\\\/img.jpg\"},{\"@type\":\"BreadcrumbList\",\"@id\":\"https:\\\/\\\/ratp-soclecommun.nexton-customers.com\\\/rejoignez-nous\\\/devenir-conducteur-de-bus\\\/#breadcrumb\",\"itemListElement\":[{\"@type\":\"ListItem\",\"position\":1,\"name\":\"Accueil\",\"item\":\"https:\\\/\\\/ratp-soclecommun.nexton-customers.com\\\/\"},{\"@type\":\"ListItem\",\"position\":2,\"name\":\"Rejoignez-nous\",\"item\":\"https:\\\/\\\/ratp-soclecommun.nexton-customers.com\\\/rejoignez-nous\\\/\"},{\"@type\":\"ListItem\",\"position\":3,\"name\":\"Devenir conducteur de bus\"}]},{\"@type\":\"WebSite\",\"@id\":\"https:\\\/\\\/ratp-soclecommun.nexton-customers.com\\\/#website\",\"url\":\"https:\\\/\\\/ratp-soclecommun.nexton-customers.com\\\/\",\"name\":\"RATP filiale\",\"description\":\"\",\"publisher\":{\"@id\":\"https:\\\/\\\/ratp-soclecommun.nexton-customers.com\\\/#organization\"},\"potentialAction\":[{\"@type\":\"SearchAction\",\"target\":{\"@type\":\"EntryPoint\",\"urlTemplate\":\"https:\\\/\\\/ratp-soclecommun.nexton-customers.com\\\/?s={search_term_string}\"},\"query-input\":{\"@type\":\"PropertyValueSpecification\",\"valueRequired\":true,\"valueName\":\"search_term_string\"}}],\"inLanguage\":\"en-GB\"},{\"@type\":\"Organization\",\"@id\":\"https:\\\/\\\/ratp-soclecommun.nexton-customers.com\\\/#organization\",\"name\":\"RATP filiale\",\"url\":\"https:\\\/\\\/ratp-soclecommun.nexton-customers.com\\\/\",\"logo\":{\"@type\":\"ImageObject\",\"inLanguage\":\"en-GB\",\"@id\":\"https:\\\/\\\/ratp-soclecommun.nexton-customers.com\\\/#\\\/schema\\\/logo\\\/image\\\/\",\"url\":\"https:\\\/\\\/ratp-soclecommun.nexton-customers.com\\\/wp-content\\\/uploads\\\/2025\\\/05\\\/logo.png\",\"contentUrl\":\"https:\\\/\\\/ratp-soclecommun.nexton-customers.com\\\/wp-content\\\/uploads\\\/2025\\\/05\\\/logo.png\",\"width\":177,\"height\":47,\"caption\":\"RATP filiale\"},\"image\":{\"@id\":\"https:\\\/\\\/ratp-soclecommun.nexton-customers.com\\\/#\\\/schema\\\/logo\\\/image\\\/\"}}]}<\/script>\n<!-- \/ Yoast SEO plugin. -->","yoast_head_json":{"title":"Conducteur \/ conductrice de bus : fiche m\u00e9tier - RATP Cap \u00cele-de-France","description":"Missions, quotidien, formation : d\u00e9couvrez toutes les facettes du m\u00e9tier de conducteur de bus, une profession \u00e0 forte valeur ajout\u00e9e","robots":{"index":"noindex","follow":"follow","max-snippet":"max-snippet:-1","max-image-preview":"max-image-preview:large","max-video-preview":"max-video-preview:-1"},"og_locale":"en_GB","og_type":"article","og_title":"Conducteur \/ conductrice de bus : fiche m\u00e9tier - RATP Cap \u00cele-de-France","og_description":"Missions, quotidien, formation : d\u00e9couvrez toutes les facettes du m\u00e9tier de conducteur de bus, une profession \u00e0 forte valeur ajout\u00e9e","og_url":"https:\/\/ratp-soclecommun.nexton-customers.com\/en\/rejoignez-nous\/devenir-conducteur-de-bus\/","og_site_name":"Socle RATP","article_modified_time":"2025-05-19T09:21:25+00:00","og_image":[{"url":"https:\/\/ratp-soclecommun.nexton-customers.com\/wp-content\/uploads\/2025\/05\/img.jpg","type":"","width":"","height":""}],"twitter_card":"summary_large_image","twitter_misc":{"Estimated reading time":"4 minutes"},"schema":{"@context":"https:\/\/schema.org","@graph":[{"@type":"WebPage","@id":"https:\/\/ratp-soclecommun.nexton-customers.com\/rejoignez-nous\/devenir-conducteur-de-bus\/","url":"https:\/\/ratp-soclecommun.nexton-customers.com\/rejoignez-nous\/devenir-conducteur-de-bus\/","name":"Conducteur \/ conductrice de bus : fiche m\u00e9tier - RATP Cap \u00cele-de-France","isPartOf":{"@id":"https:\/\/ratp-soclecommun.nexton-customers.com\/#website"},"primaryImageOfPage":{"@id":"https:\/\/ratp-soclecommun.nexton-customers.com\/rejoignez-nous\/devenir-conducteur-de-bus\/#primaryimage"},"image":{"@id":"https:\/\/ratp-soclecommun.nexton-customers.com\/rejoignez-nous\/devenir-conducteur-de-bus\/#primaryimage"},"thumbnailUrl":"https:\/\/ratp-soclecommun.nexton-customers.com\/wp-content\/uploads\/2025\/05\/img.jpg","datePublished":"2023-12-15T13:22:50+00:00","dateModified":"2025-05-19T09:21:25+00:00","description":"Missions, quotidien, formation : d\u00e9couvrez toutes les facettes du m\u00e9tier de conducteur de bus, une profession \u00e0 forte valeur ajout\u00e9e","breadcrumb":{"@id":"https:\/\/ratp-soclecommun.nexton-customers.com\/rejoignez-nous\/devenir-conducteur-de-bus\/#breadcrumb"},"inLanguage":"en-GB","potentialAction":[{"@type":"ReadAction","target":["https:\/\/ratp-soclecommun.nexton-customers.com\/rejoignez-nous\/devenir-conducteur-de-bus\/"]}]},{"@type":"ImageObject","inLanguage":"en-GB","@id":"https:\/\/ratp-soclecommun.nexton-customers.com\/rejoignez-nous\/devenir-conducteur-de-bus\/#primaryimage","url":"https:\/\/ratp-soclecommun.nexton-customers.com\/wp-content\/uploads\/2025\/05\/img.jpg","contentUrl":"https:\/\/ratp-soclecommun.nexton-customers.com\/wp-content\/uploads\/2025\/05\/img.jpg"},{"@type":"BreadcrumbList","@id":"https:\/\/ratp-soclecommun.nexton-customers.com\/rejoignez-nous\/devenir-conducteur-de-bus\/#breadcrumb","itemListElement":[{"@type":"ListItem","position":1,"name":"Accueil","item":"https:\/\/ratp-soclecommun.nexton-customers.com\/"},{"@type":"ListItem","position":2,"name":"Rejoignez-nous","item":"https:\/\/ratp-soclecommun.nexton-customers.com\/rejoignez-nous\/"},{"@type":"ListItem","position":3,"name":"Devenir conducteur de bus"}]},{"@type":"WebSite","@id":"https:\/\/ratp-soclecommun.nexton-customers.com\/#website","url":"https:\/\/ratp-soclecommun.nexton-customers.com\/","name":"RATP filiale","description":"","publisher":{"@id":"https:\/\/ratp-soclecommun.nexton-customers.com\/#organization"},"potentialAction":[{"@type":"SearchAction","target":{"@type":"EntryPoint","urlTemplate":"https:\/\/ratp-soclecommun.nexton-customers.com\/?s={search_term_string}"},"query-input":{"@type":"PropertyValueSpecification","valueRequired":true,"valueName":"search_term_string"}}],"inLanguage":"en-GB"},{"@type":"Organization","@id":"https:\/\/ratp-soclecommun.nexton-customers.com\/#organization","name":"RATP filiale","url":"https:\/\/ratp-soclecommun.nexton-customers.com\/","logo":{"@type":"ImageObject","inLanguage":"en-GB","@id":"https:\/\/ratp-soclecommun.nexton-customers.com\/#\/schema\/logo\/image\/","url":"https:\/\/ratp-soclecommun.nexton-customers.com\/wp-content\/uploads\/2025\/05\/logo.png","contentUrl":"https:\/\/ratp-soclecommun.nexton-customers.com\/wp-content\/uploads\/2025\/05\/logo.png","width":177,"height":47,"caption":"RATP filiale"},"image":{"@id":"https:\/\/ratp-soclecommun.nexton-customers.com\/#\/schema\/logo\/image\/"}}]}},"_links":{"self":[{"href":"https:\/\/ratp-soclecommun.nexton-customers.com\/en\/wp-json\/wp\/v2\/pages\/4106","targetHints":{"allow":["GET"]}}],"collection":[{"href":"https:\/\/ratp-soclecommun.nexton-customers.com\/en\/wp-json\/wp\/v2\/pages"}],"about":[{"href":"https:\/\/ratp-soclecommun.nexton-customers.com\/en\/wp-json\/wp\/v2\/types\/page"}],"author":[{"embeddable":true,"href":"https:\/\/ratp-soclecommun.nexton-customers.com\/en\/wp-json\/wp\/v2\/users\/11"}],"replies":[{"embeddable":true,"href":"https:\/\/ratp-soclecommun.nexton-customers.com\/en\/wp-json\/wp\/v2\/comments?post=4106"}],"version-history":[{"count":97,"href":"https:\/\/ratp-soclecommun.nexton-customers.com\/en\/wp-json\/wp\/v2\/pages\/4106\/revisions"}],"predecessor-version":[{"id":7439,"href":"https:\/\/ratp-soclecommun.nexton-customers.com\/en\/wp-json\/wp\/v2\/pages\/4106\/revisions\/7439"}],"up":[{"embeddable":true,"href":"https:\/\/ratp-soclecommun.nexton-customers.com\/en\/wp-json\/wp\/v2\/pages\/3848"}],"wp:attachment":[{"href":"https:\/\/ratp-soclecommun.nexton-customers.com\/en\/wp-json\/wp\/v2\/media?parent=4106"}],"curies":[{"name":"wp","href":"https:\/\/api.w.org\/{rel}","templated":true}]}}