{"id":60,"date":"2023-10-16T17:01:12","date_gmt":"2023-10-16T15:01:12","guid":{"rendered":"https:\/\/ratp-soclecommun.nexton-customers.com\/?page_id=60"},"modified":"2026-02-13T12:03:31","modified_gmt":"2026-02-13T10:03:31","slug":"contactez-nous","status":"publish","type":"page","link":"https:\/\/ratp-soclecommun.nexton-customers.com\/fr\/contactez-nous\/","title":{"rendered":"Contactez-nous"},"content":{"rendered":"<div class=\"gb-container gb-container-781e4219 page-title\">\n\n<h1 class=\"wp-block-heading page-title__heading\">Tantum autem cuique<\/h1>\n\n<\/div>\n\n<div class=\"breadcrumbs align  wp-block-bcn-breadcrumb-trail has-text-color has-background\" vocab=\"https:\/\/schema.org\/\" typeof=\"BreadcrumbList\">\n\t<span><\/span>\n\t<span property=\"itemListElement\" typeof=\"ListItem\"><a property=\"item\" typeof=\"WebPage\" href=\"https:\/\/ratp-soclecommun.nexton-customers.com\/fr\/\" class=\"home\" aria-current=\"page\"><span property=\"name\">Accueil<\/span><\/a><meta property=\"position\" content=\"1\"><\/span><\/div>\n\n\n<div class=\"gb-container gb-container-65d8855e contact-intro\">\n<div class=\"gb-container gb-container-be8a071d contact-intro__container\">\n<div class=\"gb-container gb-container-0cc16b50 contact-intro__section\">\n<div class=\"gb-container gb-container-f84eb53e contact-intro__header\">\n\n<p class=\"contact-intro__title\"><strong>Information<\/strong><\/p>\n\n\n\n<p class=\"contact-intro__description\">La pr\u00e9cision des informations que vous nous fournissez a pour unique but de vous offrir la r\u00e9ponse et la solution les plus efficaces dans des d\u00e9lais courts.<\/p>\n\n<\/div>\n<\/div>\n\n\n<p class=\"contact-intro__note\">Tous les champs sont obligatoires sauf ceux indiqu\u00e9s comme \u00e9tant facultatifs<\/p>\n\n<\/div>\n<\/div>\n\n\n<div class=\"forminator-guttenberg\"><div class=\"forminator-ui forminator-custom-form forminator-custom-form-1160 forminator-design--default  forminator_ajax\" data-forminator-render=\"0\" data-form=\"forminator-module-1160\" data-uid=\"6a01cc7bd0e73\"><br\/><\/div><form\n\t\t\t\tid=\"forminator-module-1160\"\n\t\t\t\tclass=\"forminator-ui forminator-custom-form forminator-custom-form-1160 forminator-design--default  forminator_ajax\"\n\t\t\t\tmethod=\"post\"\n\t\t\t\tdata-forminator-render=\"0\"\n\t\t\t\tdata-form-id=\"1160\"\n\t\t\t\t data-color-option=\"default\" data-design=\"default\" data-grid=\"open\" style=\"display: none;\"\n\t\t\t\tdata-uid=\"6a01cc7bd0e73\"\n\t\t\t><div role=\"alert\" aria-live=\"polite\" class=\"forminator-response-message forminator-error\" aria-hidden=\"true\"><\/div><div class=\"forminator-row\"><div id=\"radio-1\" class=\"forminator-field-radio forminator-col forminator-col-12 \"><div role=\"radiogroup\" class=\"forminator-field\" aria-labelledby=\"forminator-radiogroup-radio-1-6a01cc7bd0e73-label\"><span id=\"forminator-radiogroup-radio-1-6a01cc7bd0e73-label\" class=\"forminator-label\">Question ?<\/span><label id=\"forminator-field-radio-1-label-1\" for=\"forminator-field-radio-1-1-6a01cc7bd0e73\" class=\"forminator-radio\" title=\"Lorem\"><input type=\"radio\" name=\"radio-1\" value=\"one\" id=\"forminator-field-radio-1-1-6a01cc7bd0e73\" aria-labelledby=\"forminator-field-radio-1-label-1\" data-calculation=\"0\" checked=\"checked\"  data-hidden-behavior=\"zero\"\/><span class=\"forminator-radio-bullet\" aria-hidden=\"true\"><\/span><span class=\"forminator-radio-label\">Lorem<\/span><\/label><label id=\"forminator-field-radio-1-label-2\" for=\"forminator-field-radio-1-2-6a01cc7bd0e73\" class=\"forminator-radio\" title=\"Ipsum\"><input type=\"radio\" name=\"radio-1\" value=\"two\" id=\"forminator-field-radio-1-2-6a01cc7bd0e73\" aria-labelledby=\"forminator-field-radio-1-label-2\" data-calculation=\"0\"   data-hidden-behavior=\"zero\"\/><span class=\"forminator-radio-bullet\" aria-hidden=\"true\"><\/span><span class=\"forminator-radio-label\">Ipsum<\/span><\/label><\/div><\/div><\/div><div class=\"forminator-row\"><div id=\"name-6\" class=\"forminator-field-name forminator-col forminator-col-12 \"><div class=\"forminator-field\"><label for=\"forminator-field-name-6_6a01cc7bd0e73\" id=\"forminator-field-name-6_6a01cc7bd0e73-label\" class=\"forminator-label\">Objet du message <span class=\"forminator-required\">*<\/span><\/label><input type=\"text\" name=\"name-6\" value=\"\" placeholder=\"\" id=\"forminator-field-name-6_6a01cc7bd0e73\" class=\"forminator-input forminator-name--field\" aria-required=\"true\" autocomplete=\"name\" \/><\/div><\/div><\/div><div class=\"forminator-row\"><div id=\"select-1\" class=\"forminator-field-select forminator-col forminator-col-12  form\"><div class=\"forminator-field\"><label for=\"forminator-form-1160__field--select-1_6a01cc7bd0e73\" id=\"forminator-form-1160__field--select-1_6a01cc7bd0e73-label\" class=\"forminator-label\">Objet du message <span class=\"forminator-required\">*<\/span><\/label><select  id=\"forminator-form-1160__field--select-1_6a01cc7bd0e73\" class=\"forminator-select--field forminator-select2 forminator-select2-multiple\" data-required=\"1\" name=\"select-1\" data-default-value=\"lorem\" data-hidden-behavior=\"zero\" data-placeholder=\"Choisir un objet\" data-search=\"false\" data-search-placeholder=\"Choisir un objet\" data-checkbox=\"false\" data-allow-clear=\"false\" aria-labelledby=\"forminator-form-1160__field--select-1_6a01cc7bd0e73-label\"><option value=\"\"  >Choisir un objet<\/option><option value=\"lorem\" selected=\"selected\" data-calculation=\"0\">Lorem<\/option><option value=\"ipsum\"  data-calculation=\"0\">Ipsum<\/option><option value=\"autre\"  data-calculation=\"0\">Autre<\/option><\/select><\/div><\/div><\/div><div class=\"forminator-row\"><div id=\"name-2\" class=\"forminator-field-name forminator-col forminator-col-6  form lastname-input\"><div class=\"forminator-field\"><label for=\"forminator-field-name-2_6a01cc7bd0e73\" id=\"forminator-field-name-2_6a01cc7bd0e73-label\" class=\"forminator-label\">Nom <span class=\"forminator-required\">*<\/span><\/label><input type=\"text\" name=\"name-2\" value=\"\" placeholder=\"\" id=\"forminator-field-name-2_6a01cc7bd0e73\" class=\"forminator-input forminator-name--field\" aria-required=\"true\" autocomplete=\"name\" \/><\/div><\/div><div id=\"name-1\" class=\"forminator-field-name forminator-col forminator-col-6  form firstname-input\"><div class=\"forminator-field\"><label for=\"forminator-field-name-1_6a01cc7bd0e73\" id=\"forminator-field-name-1_6a01cc7bd0e73-label\" class=\"forminator-label\">Pr\u00e9nom <span class=\"forminator-required\">*<\/span><\/label><input type=\"text\" name=\"name-1\" value=\"\" placeholder=\"\" id=\"forminator-field-name-1_6a01cc7bd0e73\" class=\"forminator-input forminator-name--field\" aria-required=\"true\" autocomplete=\"name\" \/><\/div><\/div><\/div><div class=\"forminator-row\"><div id=\"email-1\" class=\"forminator-field-email forminator-col forminator-col-6  form email-input\"><div class=\"forminator-field\"><label for=\"forminator-field-email-1_6a01cc7bd0e73\" id=\"forminator-field-email-1_6a01cc7bd0e73-label\" class=\"forminator-label\">Adresse Mail <span class=\"forminator-required\">*<\/span><\/label><input type=\"email\" name=\"email-1\" value=\"\" placeholder=\"\" id=\"forminator-field-email-1_6a01cc7bd0e73\" class=\"forminator-input forminator-email--field\" data-required=\"true\" aria-required=\"true\" autocomplete=\"email\" \/><\/div><\/div><div id=\"phone-2\" class=\"forminator-field-phone forminator-col forminator-col-6  form tel-input\"><div class=\"forminator-field\"><label for=\"forminator-field-phone-2_6a01cc7bd0e73\" id=\"forminator-field-phone-2_6a01cc7bd0e73-label\" class=\"forminator-label\">T\u00e9l\u00e9phone<\/label><input type=\"text\" name=\"phone-2\" value=\"\" placeholder=\"\" id=\"forminator-field-phone-2_6a01cc7bd0e73\" class=\"forminator-input forminator-field--phone\" data-required=\"\" aria-required=\"false\" autocomplete=\"off\" \/><\/div><\/div><\/div><div class=\"forminator-row\"><div id=\"name-3\" class=\"forminator-field-name forminator-col forminator-col-12  form\"><div class=\"forminator-field\"><label for=\"forminator-field-name-3_6a01cc7bd0e73\" id=\"forminator-field-name-3_6a01cc7bd0e73-label\" class=\"forminator-label\">Nom soci\u00e9t\u00e9 ou organisme<\/label><input type=\"text\" name=\"name-3\" value=\"\" placeholder=\"\" id=\"forminator-field-name-3_6a01cc7bd0e73\" class=\"forminator-input forminator-name--field\" aria-required=\"false\" autocomplete=\"name\" \/><\/div><\/div><\/div><div class=\"forminator-row\"><div id=\"textarea-1\" class=\"forminator-field-textarea forminator-col forminator-col-12  form\"><div class=\"forminator-field\"><label for=\"forminator-field-textarea-1_6a01cc7bd0e73\" id=\"forminator-field-textarea-1_6a01cc7bd0e73-label\" class=\"forminator-label\">Message <span class=\"forminator-required\">*<\/span><\/label><textarea name=\"textarea-1\" placeholder=\"\" id=\"forminator-field-textarea-1_6a01cc7bd0e73\" class=\"forminator-textarea\" rows=\"6\" style=\"--forminator-textarea-min-height:140px;\" maxlength=\"500\" ><\/textarea><span id=\"forminator-field-textarea-1_6a01cc7bd0e73-description\" class=\"forminator-description\"><span data-limit=\"500\" data-type=\"characters\" data-editor=\"\">0 \/ 500<\/span><\/span><\/div><\/div><\/div><div class=\"forminator-row\"><div id=\"consent-1\" class=\"forminator-field-consent forminator-col forminator-col-12  form\"><div class=\"forminator-field\"><div class=\"forminator-checkbox__wrapper\"><label id=\"forminator-field-consent-1_6a01cc7bd0e73__label\" class=\"forminator-checkbox forminator-consent\"><input type=\"checkbox\" name=\"consent-1\" id=\"forminator-field-consent-1_6a01cc7bd0e73\" value=\"checked\" aria-labelledby=\"forminator-field-consent-1_6a01cc7bd0e73-label\" aria-describedby=\"forminator-field-consent-1_6a01cc7bd0e73__description\" data-required=\"true\" aria-required=\"true\" \/><span class=\"forminator-checkbox-box\" aria-hidden=\"true\"><\/span><\/label><div id=\"forminator-field-consent-1_6a01cc7bd0e73__description\" class=\"forminator-checkbox__label forminator-consent__label\"><p>En cochant cette case j\u2019accepte que les informations saisies soient trait\u00e9es par RATP pour g\u00e9rer et r\u00e9pondre \u00e0 la sollicitation qui lui est ainsi adress\u00e9e.<\/p><\/div><\/div><\/div><\/div><\/div><input type=\"hidden\" name=\"referer_url\" value=\"\" \/><script src=\"https:\/\/challenges.cloudflare.com\/turnstile\/v0\/api.js?render=explicit&amp;ver=6.9.4\" id=\"cfturnstile-js\"><\/script>\n<style>#cf-turnstile-fmntr-1160 { margin-left: 0px !important; }<\/style>\t\t<div id=\"cf-turnstile-fmntr-1160\"\r\n\t\tclass=\"cf-turnstile\" \t\tdata-sitekey=\"0x4AAAAAAAQO28Ei3MDb3YzG\"\r\n\t\tdata-theme=\"light\"\r\n\t\tdata-language=\"auto\"\r\n\t\tdata-size=\"normal\"\r\n\t\tdata-retry=\"auto\" data-retry-interval=\"1000\"\r\n\t\tdata-refresh-expired=\"auto\"\r\n\t\tdata-refresh-timeout=\"auto\"\r\n\t\tdata-action=\"forminator-form-1160\"\r\n\t\tdata-callback=\"turnstileForminatorCallback\"\r\n\t\t\t\tdata-appearance=\"always\"><\/div>\r\n\t\t\t<script>document.addEventListener(\"DOMContentLoaded\", function() { setTimeout(function(){ var e=document.getElementById(\"cf-turnstile-fmntr-1160\"); if(e&&!e.innerHTML.trim()){turnstile.render(e, {sitekey:\"0x4AAAAAAAQO28Ei3MDb3YzG\"});} }, 200); });<\/script>\r\n\t\t\t<br class=\"cf-turnstile-br cf-turnstile-br-fmntr-1160\">\r\n\t\t\t\t<style>#cf-turnstile-fmntr-1160 { margin-left: -15px; }<\/style>\r\n\t\t                        <script>\r\n            \/\/ On ajax.complete run turnstile.render if element is empty\r\n            jQuery(document).ajaxComplete(function() {\r\n                setTimeout(function() {\r\n                    if (document.getElementById('cf-turnstile-fmntr-1160')) {\r\n                        if(!document.getElementById('cf-turnstile-fmntr-1160').innerHTML.trim()) {\r\n                                turnstile.remove('#cf-turnstile-fmntr-1160');\r\n                                turnstile.render('#cf-turnstile-fmntr-1160');\r\n                        }\r\n                    }\r\n                }, 1000);\r\n            });\r\n            \/\/ Enable Submit Button Function\r\n            function turnstileForminatorCallback() {\r\n                document.querySelectorAll('.forminator-button, .forminator-button-submit').forEach(function(el) {\r\n                    el.style.pointerEvents = 'auto';\r\n                    el.style.opacity = '1';\r\n                });\r\n            }\r\n            \/\/ On submit re-render\r\n            jQuery(document).ready(function() {\r\n                jQuery('.forminator-custom-form').on('submit', function() {\r\n                    if(document.getElementById('cf-turnstile-fmntr-1160')) {\r\n                        setTimeout(function() {\r\n                            turnstile.remove('#cf-turnstile-fmntr-1160');\r\n                            turnstile.render('#cf-turnstile-fmntr-1160');\r\n                        }, 1000);\r\n                    }\r\n                });\r\n            });\r\n            <\/script>\r\n                        <div class=\"forminator-row forminator-row-last\"><div class=\"forminator-col\"><div class=\"forminator-field\"><button class=\"forminator-button forminator-button-submit\">Envoyer le message<\/button><\/div><\/div><\/div><input type=\"hidden\" id=\"forminator_nonce\" name=\"forminator_nonce\" value=\"42b75990f6\" \/><input type=\"hidden\" name=\"_wp_http_referer\" value=\"\/fr\/wp-json\/wp\/v2\/pages\/60\" \/><input type=\"hidden\" name=\"form_id\" value=\"1160\"><input type=\"hidden\" name=\"page_id\" value=\"60\"><input type=\"hidden\" name=\"form_type\" value=\"default\"><input type=\"hidden\" name=\"current_url\" value=\"https:\/\/ratp-soclecommun.nexton-customers.com\/fr\/contactez-nous\/\"><input type=\"hidden\" name=\"render_id\" value=\"0\"><input type=\"hidden\" name=\"action\" value=\"forminator_submit_form_custom-forms\"><\/form><\/div>\n\n\n<div class=\"gb-container gb-container-571ded21 block-rgpd\">\n<div class=\"gb-container gb-container-ad45cc5e block-rgpd__container\">\n\n<p class=\"has-text-align-left block-rgpd__text\">Tantum autem cuique tribuendum, primum quantum ipse efficere possis, deinde etiam quantum ille quem diligas atque adiuves, sustinere. Non enim neque tu possis, quamvis excellas, omnes tuos ad honores amplissimos perducere, ut Scipio P. Rupilium potuit consulem efficere, fratrem eius L. non potuit. Quod si etiam possis quidvis deferre ad alterum, videndum est tamen, quid ille possit sustinere.<\/p>\n\n<\/div>\n<\/div>\n\n<div class=\"gb-container gb-container-005a4bc2 illu-background-container\">\n<div class=\"gb-container gb-container-e1d12a4b illu-background-topcover\"><\/div>\n\n\n<figure class=\"wp-block-image size-full illustration-background-diago\"><img decoding=\"async\" src=\"https:\/\/ratp-soclecommun.nexton-customers.com\/wp-content\/uploads\/2025\/05\/ratp-shape-1.svg\" alt=\"\" class=\"wp-image-7415\"\/><\/figure>\n\n<\/div>","protected":false},"excerpt":{"rendered":"<p>Tantum autem cuique Tantum autem cuique tribuendum, primum quantum ipse efficere possis, deinde etiam quantum ille quem diligas atque adiuves, sustinere. Non enim neque tu possis, quamvis excellas, omnes tuos ad honores amplissimos perducere, ut Scipio P. Rupilium potuit consulem efficere, fratrem eius L. non potuit. Quod si etiam possis quidvis deferre ad alterum, videndum &#8230; <a title=\"Contactez-nous\" class=\"read-more\" href=\"https:\/\/ratp-soclecommun.nexton-customers.com\/fr\/contactez-nous\/\" aria-label=\"En savoir plus sur Contactez-nous\">Lire plus<\/a><\/p>\n","protected":false},"author":11,"featured_media":0,"parent":0,"menu_order":0,"comment_status":"closed","ping_status":"closed","template":"","meta":{"footnotes":""},"class_list":["post-60","page","type-page","status-publish"],"yoast_head":"<!-- This site is optimized with the Yoast SEO plugin v27.5 - https:\/\/yoast.com\/product\/yoast-seo-wordpress\/ -->\n<title>Contactez-nous - Socle RATP<\/title>\n<meta name=\"robots\" content=\"noindex, follow, max-snippet:-1, max-image-preview:large, max-video-preview:-1\" \/>\n<meta property=\"og:locale\" content=\"fr_FR\" \/>\n<meta property=\"og:type\" content=\"article\" \/>\n<meta property=\"og:title\" content=\"Contactez-nous - Socle RATP\" \/>\n<meta property=\"og:description\" content=\"Tantum autem cuique Tantum autem cuique tribuendum, primum quantum ipse efficere possis, deinde etiam quantum ille quem diligas atque adiuves, sustinere. Non enim neque tu possis, quamvis excellas, omnes tuos ad honores amplissimos perducere, ut Scipio P. Rupilium potuit consulem efficere, fratrem eius L. non potuit. Quod si etiam possis quidvis deferre ad alterum, videndum ... Lire plus\" \/>\n<meta property=\"og:url\" content=\"https:\/\/ratp-soclecommun.nexton-customers.com\/fr\/contactez-nous\/\" \/>\n<meta property=\"og:site_name\" content=\"Socle RATP\" \/>\n<meta property=\"article:modified_time\" content=\"2026-02-13T10:03:31+00:00\" \/>\n<meta name=\"twitter:card\" content=\"summary_large_image\" \/>\n<meta name=\"twitter:label1\" content=\"Dur\u00e9e de lecture estim\u00e9e\" \/>\n\t<meta name=\"twitter:data1\" content=\"1 minute\" \/>\n<script type=\"application\/ld+json\" class=\"yoast-schema-graph\">{\"@context\":\"https:\\\/\\\/schema.org\",\"@graph\":[{\"@type\":\"WebPage\",\"@id\":\"https:\\\/\\\/ratp-soclecommun.nexton-customers.com\\\/contactez-nous\\\/\",\"url\":\"https:\\\/\\\/ratp-soclecommun.nexton-customers.com\\\/contactez-nous\\\/\",\"name\":\"Contactez-nous - Socle RATP\",\"isPartOf\":{\"@id\":\"https:\\\/\\\/ratp-soclecommun.nexton-customers.com\\\/#website\"},\"primaryImageOfPage\":{\"@id\":\"https:\\\/\\\/ratp-soclecommun.nexton-customers.com\\\/contactez-nous\\\/#primaryimage\"},\"image\":{\"@id\":\"https:\\\/\\\/ratp-soclecommun.nexton-customers.com\\\/contactez-nous\\\/#primaryimage\"},\"thumbnailUrl\":\"https:\\\/\\\/ratp-soclecommun.nexton-customers.com\\\/wp-content\\\/uploads\\\/2025\\\/05\\\/ratp-shape-1.svg\",\"datePublished\":\"2023-10-16T15:01:12+00:00\",\"dateModified\":\"2026-02-13T10:03:31+00:00\",\"breadcrumb\":{\"@id\":\"https:\\\/\\\/ratp-soclecommun.nexton-customers.com\\\/contactez-nous\\\/#breadcrumb\"},\"inLanguage\":\"fr-FR\",\"potentialAction\":[{\"@type\":\"ReadAction\",\"target\":[\"https:\\\/\\\/ratp-soclecommun.nexton-customers.com\\\/contactez-nous\\\/\"]}]},{\"@type\":\"ImageObject\",\"inLanguage\":\"fr-FR\",\"@id\":\"https:\\\/\\\/ratp-soclecommun.nexton-customers.com\\\/contactez-nous\\\/#primaryimage\",\"url\":\"https:\\\/\\\/ratp-soclecommun.nexton-customers.com\\\/wp-content\\\/uploads\\\/2025\\\/05\\\/ratp-shape-1.svg\",\"contentUrl\":\"https:\\\/\\\/ratp-soclecommun.nexton-customers.com\\\/wp-content\\\/uploads\\\/2025\\\/05\\\/ratp-shape-1.svg\"},{\"@type\":\"BreadcrumbList\",\"@id\":\"https:\\\/\\\/ratp-soclecommun.nexton-customers.com\\\/contactez-nous\\\/#breadcrumb\",\"itemListElement\":[{\"@type\":\"ListItem\",\"position\":1,\"name\":\"Accueil\",\"item\":\"https:\\\/\\\/ratp-soclecommun.nexton-customers.com\\\/\"},{\"@type\":\"ListItem\",\"position\":2,\"name\":\"Contactez-nous\"}]},{\"@type\":\"WebSite\",\"@id\":\"https:\\\/\\\/ratp-soclecommun.nexton-customers.com\\\/#website\",\"url\":\"https:\\\/\\\/ratp-soclecommun.nexton-customers.com\\\/\",\"name\":\"RATP filiale\",\"description\":\"\",\"publisher\":{\"@id\":\"https:\\\/\\\/ratp-soclecommun.nexton-customers.com\\\/#organization\"},\"potentialAction\":[{\"@type\":\"SearchAction\",\"target\":{\"@type\":\"EntryPoint\",\"urlTemplate\":\"https:\\\/\\\/ratp-soclecommun.nexton-customers.com\\\/?s={search_term_string}\"},\"query-input\":{\"@type\":\"PropertyValueSpecification\",\"valueRequired\":true,\"valueName\":\"search_term_string\"}}],\"inLanguage\":\"fr-FR\"},{\"@type\":\"Organization\",\"@id\":\"https:\\\/\\\/ratp-soclecommun.nexton-customers.com\\\/#organization\",\"name\":\"RATP filiale\",\"url\":\"https:\\\/\\\/ratp-soclecommun.nexton-customers.com\\\/\",\"logo\":{\"@type\":\"ImageObject\",\"inLanguage\":\"fr-FR\",\"@id\":\"https:\\\/\\\/ratp-soclecommun.nexton-customers.com\\\/#\\\/schema\\\/logo\\\/image\\\/\",\"url\":\"https:\\\/\\\/ratp-soclecommun.nexton-customers.com\\\/wp-content\\\/uploads\\\/2025\\\/05\\\/logo.png\",\"contentUrl\":\"https:\\\/\\\/ratp-soclecommun.nexton-customers.com\\\/wp-content\\\/uploads\\\/2025\\\/05\\\/logo.png\",\"width\":177,\"height\":47,\"caption\":\"RATP filiale\"},\"image\":{\"@id\":\"https:\\\/\\\/ratp-soclecommun.nexton-customers.com\\\/#\\\/schema\\\/logo\\\/image\\\/\"}}]}<\/script>\n<!-- \/ Yoast SEO plugin. -->","yoast_head_json":{"title":"Contactez-nous - Socle RATP","robots":{"index":"noindex","follow":"follow","max-snippet":"max-snippet:-1","max-image-preview":"max-image-preview:large","max-video-preview":"max-video-preview:-1"},"og_locale":"fr_FR","og_type":"article","og_title":"Contactez-nous - Socle RATP","og_description":"Tantum autem cuique Tantum autem cuique tribuendum, primum quantum ipse efficere possis, deinde etiam quantum ille quem diligas atque adiuves, sustinere. Non enim neque tu possis, quamvis excellas, omnes tuos ad honores amplissimos perducere, ut Scipio P. Rupilium potuit consulem efficere, fratrem eius L. non potuit. Quod si etiam possis quidvis deferre ad alterum, videndum ... Lire plus","og_url":"https:\/\/ratp-soclecommun.nexton-customers.com\/fr\/contactez-nous\/","og_site_name":"Socle RATP","article_modified_time":"2026-02-13T10:03:31+00:00","twitter_card":"summary_large_image","twitter_misc":{"Dur\u00e9e de lecture estim\u00e9e":"1 minute"},"schema":{"@context":"https:\/\/schema.org","@graph":[{"@type":"WebPage","@id":"https:\/\/ratp-soclecommun.nexton-customers.com\/contactez-nous\/","url":"https:\/\/ratp-soclecommun.nexton-customers.com\/contactez-nous\/","name":"Contactez-nous - Socle RATP","isPartOf":{"@id":"https:\/\/ratp-soclecommun.nexton-customers.com\/#website"},"primaryImageOfPage":{"@id":"https:\/\/ratp-soclecommun.nexton-customers.com\/contactez-nous\/#primaryimage"},"image":{"@id":"https:\/\/ratp-soclecommun.nexton-customers.com\/contactez-nous\/#primaryimage"},"thumbnailUrl":"https:\/\/ratp-soclecommun.nexton-customers.com\/wp-content\/uploads\/2025\/05\/ratp-shape-1.svg","datePublished":"2023-10-16T15:01:12+00:00","dateModified":"2026-02-13T10:03:31+00:00","breadcrumb":{"@id":"https:\/\/ratp-soclecommun.nexton-customers.com\/contactez-nous\/#breadcrumb"},"inLanguage":"fr-FR","potentialAction":[{"@type":"ReadAction","target":["https:\/\/ratp-soclecommun.nexton-customers.com\/contactez-nous\/"]}]},{"@type":"ImageObject","inLanguage":"fr-FR","@id":"https:\/\/ratp-soclecommun.nexton-customers.com\/contactez-nous\/#primaryimage","url":"https:\/\/ratp-soclecommun.nexton-customers.com\/wp-content\/uploads\/2025\/05\/ratp-shape-1.svg","contentUrl":"https:\/\/ratp-soclecommun.nexton-customers.com\/wp-content\/uploads\/2025\/05\/ratp-shape-1.svg"},{"@type":"BreadcrumbList","@id":"https:\/\/ratp-soclecommun.nexton-customers.com\/contactez-nous\/#breadcrumb","itemListElement":[{"@type":"ListItem","position":1,"name":"Accueil","item":"https:\/\/ratp-soclecommun.nexton-customers.com\/"},{"@type":"ListItem","position":2,"name":"Contactez-nous"}]},{"@type":"WebSite","@id":"https:\/\/ratp-soclecommun.nexton-customers.com\/#website","url":"https:\/\/ratp-soclecommun.nexton-customers.com\/","name":"RATP filiale","description":"","publisher":{"@id":"https:\/\/ratp-soclecommun.nexton-customers.com\/#organization"},"potentialAction":[{"@type":"SearchAction","target":{"@type":"EntryPoint","urlTemplate":"https:\/\/ratp-soclecommun.nexton-customers.com\/?s={search_term_string}"},"query-input":{"@type":"PropertyValueSpecification","valueRequired":true,"valueName":"search_term_string"}}],"inLanguage":"fr-FR"},{"@type":"Organization","@id":"https:\/\/ratp-soclecommun.nexton-customers.com\/#organization","name":"RATP filiale","url":"https:\/\/ratp-soclecommun.nexton-customers.com\/","logo":{"@type":"ImageObject","inLanguage":"fr-FR","@id":"https:\/\/ratp-soclecommun.nexton-customers.com\/#\/schema\/logo\/image\/","url":"https:\/\/ratp-soclecommun.nexton-customers.com\/wp-content\/uploads\/2025\/05\/logo.png","contentUrl":"https:\/\/ratp-soclecommun.nexton-customers.com\/wp-content\/uploads\/2025\/05\/logo.png","width":177,"height":47,"caption":"RATP filiale"},"image":{"@id":"https:\/\/ratp-soclecommun.nexton-customers.com\/#\/schema\/logo\/image\/"}}]}},"_links":{"self":[{"href":"https:\/\/ratp-soclecommun.nexton-customers.com\/fr\/wp-json\/wp\/v2\/pages\/60","targetHints":{"allow":["GET"]}}],"collection":[{"href":"https:\/\/ratp-soclecommun.nexton-customers.com\/fr\/wp-json\/wp\/v2\/pages"}],"about":[{"href":"https:\/\/ratp-soclecommun.nexton-customers.com\/fr\/wp-json\/wp\/v2\/types\/page"}],"author":[{"embeddable":true,"href":"https:\/\/ratp-soclecommun.nexton-customers.com\/fr\/wp-json\/wp\/v2\/users\/11"}],"replies":[{"embeddable":true,"href":"https:\/\/ratp-soclecommun.nexton-customers.com\/fr\/wp-json\/wp\/v2\/comments?post=60"}],"version-history":[{"count":78,"href":"https:\/\/ratp-soclecommun.nexton-customers.com\/fr\/wp-json\/wp\/v2\/pages\/60\/revisions"}],"predecessor-version":[{"id":7819,"href":"https:\/\/ratp-soclecommun.nexton-customers.com\/fr\/wp-json\/wp\/v2\/pages\/60\/revisions\/7819"}],"wp:attachment":[{"href":"https:\/\/ratp-soclecommun.nexton-customers.com\/fr\/wp-json\/wp\/v2\/media?parent=60"}],"curies":[{"name":"wp","href":"https:\/\/api.w.org\/{rel}","templated":true}]}}